{"id":22,"date":"2020-12-23T11:52:38","date_gmt":"2020-12-23T10:52:38","guid":{"rendered":"https:\/\/waescheservice-frankfurt.de\/widerruf\/"},"modified":"2022-07-27T16:42:21","modified_gmt":"2022-07-27T14:42:21","slug":"revocation","status":"publish","type":"page","link":"https:\/\/waescheservice-frankfurt.de\/en\/revocation\/","title":{"rendered":"revocation"},"content":{"rendered":"<h3>1. Right of withdrawal and instruction<\/h3>\n<p>1.1. The end customer, who is a consumer within the meaning of \u00a7 13 BGB, has a right of withdrawal. A consumer is any natural person who concludes a legal transaction for purposes that are predominantly neither commercial nor self-employed.<br \/>\nThe right of withdrawal does not exist if one of the exclusions of \u00a7 312g Para. 2 BGB applies, especially if the goods are not prefabricated and the production of which is an individual selection or determination by the consumer or which is clearly tailored to personal needs are tailored to the consumer (\u00a7 312g Para. 2 No. 1 BGB) or sealed goods which are not suitable for return for reasons of health protection or hygiene if their seal was removed after delivery (\u00a7 312g Para. 2 No. 3 BGB) or goods that were inseparably mixed with other goods after delivery due to their nature (\u00a7 312g Para. 2 No. 4 BGB). The operator receives the end customer&#039;s declaration of revocation for the service provider as a representative.<\/p>\n<p>1.2. Cancellation policy You have the right to cancel this contract within 14 days without giving a reason. The cancellation period is fourteen days from the day on which you or a third party named by you who is not the carrier took possession of the last goods. In order to exercise your right of withdrawal, you must send us (Rainer Thormann, Allerheiligen Str. 7, D-60313 Frankfurt am Main, Tel.: 0160 7969990, email: info@waescheservice-frankfurt.de) a clear statement (e.g . a letter sent by post, fax or e-mail) of your decision to withdraw from this contract. You can use the attached sample cancellation form for this, but it is not mandatory. To meet the cancellation deadline, it is sufficient for you to send the communication regarding your exercise of the right of cancellation before the cancellation period has expired.<br \/>\n1.3. Consequences of the revocation If you revoke this contract, we have all payments that we have received from you, including the delivery costs (with the exception of the additional costs resulting from the fact that you use a different type of delivery than the one offered by us, have chosen the cheapest standard delivery) immediately and at the latest within fourteen days from the day on which we received the notification of your cancellation of this contract. For this repayment, we use the same means of payment that you used in the original transaction, unless something else was expressly agreed with you; under no circumstances will you be charged fees for this repayment. You bear the direct costs of returning the goods. You are only liable for any diminished value of the goods resulting from the handling other than what is necessary to establish the nature, characteristics and functioning of the goods.<\/p>\n<p>&nbsp;<\/p>\n<h3>Model withdrawal form<\/h3>\n<p>If you want to revoke the contract, please fill out this form and send it back to us.<\/p>\n<p>\u2013 To the Frankfurt Laundry Service, Rainer Thormann, Allerheiligen Str. 7, D-60313 Frankfurt am Main,<br \/>\n\u2013 I\/we (*) hereby revoke the contract concluded by me\/us (*) for the purchase of the following goods (*)____________\/ the provision of the following service _____________(*)<br \/>\n\u2212 Ordered on _______________(*)\/received on _________________(*)<br \/>\n- Order number ______________(*)<br \/>\n\u2212 Name of consumer(s)____________________<br \/>\n\u2212 Address of the consumer(s)__________________<br \/>\n\u2212 Signature of the consumer(s) (only if notification is made on paper)<br \/>\n- Date______________________<br \/>\n(*) Delete where inapplicable.<\/p>","protected":false},"excerpt":{"rendered":"<p>1. Widerrufsrecht und Belehrung 1.1. Dem Endkunden, der Verbraucher im Sinne des \u00a7 13 BGB ist, steht ein Widerrufsrecht zu. Verbraucher ist jede nat\u00fcrliche Person, die ein Rechtsgesch\u00e4ft zu Zwecken abschlie\u00dft, die \u00fcberwiegend weder Ihrer gewerblichen noch Ihrer selbstst\u00e4ndigen beruflichen T\u00e4tigkeit zugerechnet werden k\u00f6nnen. Das Widerrufsrecht besteht nicht, sofern einer der Ausschlusstatbest\u00e4nde des \u00a7 312g [&#8230;]\n","protected":false},"author":1,"featured_media":0,"parent":0,"menu_order":0,"comment_status":"closed","ping_status":"open","template":"","meta":{"footnotes":""},"class_list":["post-22","page","type-page","status-publish","hentry"],"yoast_head":"<!-- This site is optimized with the Yoast SEO plugin v27.3 - https:\/\/yoast.com\/product\/yoast-seo-wordpress\/ -->\n<title>Widerruf - W\u00e4scheservice Frankfurt<\/title>\n<meta name=\"robots\" content=\"index, follow, max-snippet:-1, max-image-preview:large, max-video-preview:-1\" \/>\n<link rel=\"canonical\" href=\"https:\/\/waescheservice-frankfurt.de\/en\/revocation\/\" \/>\n<meta property=\"og:locale\" content=\"en_US\" \/>\n<meta property=\"og:type\" content=\"article\" \/>\n<meta property=\"og:title\" content=\"Widerruf - W\u00e4scheservice Frankfurt\" \/>\n<meta property=\"og:description\" content=\"1. Widerrufsrecht und Belehrung 1.1. Dem Endkunden, der Verbraucher im Sinne des \u00a7 13 BGB ist, steht ein Widerrufsrecht zu. Verbraucher ist jede nat\u00fcrliche Person, die ein Rechtsgesch\u00e4ft zu Zwecken abschlie\u00dft, die \u00fcberwiegend weder Ihrer gewerblichen noch Ihrer selbstst\u00e4ndigen beruflichen T\u00e4tigkeit zugerechnet werden k\u00f6nnen. Das Widerrufsrecht besteht nicht, sofern einer der Ausschlusstatbest\u00e4nde des \u00a7 312g [...]\" \/>\n<meta property=\"og:url\" content=\"https:\/\/waescheservice-frankfurt.de\/en\/revocation\/\" \/>\n<meta property=\"og:site_name\" content=\"W\u00e4scheservice Frankfurt\" \/>\n<meta property=\"article:publisher\" content=\"https:\/\/www.facebook.com\/waescheservicefrankfurt\" \/>\n<meta property=\"article:modified_time\" content=\"2022-07-27T14:42:21+00:00\" \/>\n<meta property=\"og:image\" content=\"https:\/\/waescheservice-frankfurt.de\/wp-content\/uploads\/2022\/07\/Waescheservice-Fahrzeug-Seite-rechts-1064x1064-1.jpg\" \/>\n\t<meta property=\"og:image:width\" content=\"1064\" \/>\n\t<meta property=\"og:image:height\" content=\"1064\" \/>\n\t<meta property=\"og:image:type\" content=\"image\/jpeg\" \/>\n<meta name=\"twitter:card\" content=\"summary_large_image\" \/>\n<meta name=\"twitter:label1\" content=\"Est. reading time\" \/>\n\t<meta name=\"twitter:data1\" content=\"3 minutes\" \/>\n<script type=\"application\/ld+json\" class=\"yoast-schema-graph\">{\"@context\":\"https:\\\/\\\/schema.org\",\"@graph\":[{\"@type\":\"WebPage\",\"@id\":\"https:\\\/\\\/waescheservice-frankfurt.de\\\/widerruf\\\/\",\"url\":\"https:\\\/\\\/waescheservice-frankfurt.de\\\/widerruf\\\/\",\"name\":\"Widerruf - W\u00e4scheservice Frankfurt\",\"isPartOf\":{\"@id\":\"https:\\\/\\\/waescheservice-frankfurt.de\\\/#website\"},\"datePublished\":\"2020-12-23T10:52:38+00:00\",\"dateModified\":\"2022-07-27T14:42:21+00:00\",\"breadcrumb\":{\"@id\":\"https:\\\/\\\/waescheservice-frankfurt.de\\\/widerruf\\\/#breadcrumb\"},\"inLanguage\":\"en-US\",\"potentialAction\":[{\"@type\":\"ReadAction\",\"target\":[\"https:\\\/\\\/waescheservice-frankfurt.de\\\/widerruf\\\/\"]}]},{\"@type\":\"BreadcrumbList\",\"@id\":\"https:\\\/\\\/waescheservice-frankfurt.de\\\/widerruf\\\/#breadcrumb\",\"itemListElement\":[{\"@type\":\"ListItem\",\"position\":1,\"name\":\"Home\",\"item\":\"https:\\\/\\\/waescheservice-frankfurt.de\\\/\"},{\"@type\":\"ListItem\",\"position\":2,\"name\":\"Widerruf\"}]},{\"@type\":\"WebSite\",\"@id\":\"https:\\\/\\\/waescheservice-frankfurt.de\\\/#website\",\"url\":\"https:\\\/\\\/waescheservice-frankfurt.de\\\/\",\"name\":\"W\u00e4sche Reinigung mit Abhol- und Lieferservice\",\"description\":\"W\u00e4sche waschen mit Abhol- und Lieferservice\",\"publisher\":{\"@id\":\"https:\\\/\\\/waescheservice-frankfurt.de\\\/#organization\"},\"potentialAction\":[{\"@type\":\"SearchAction\",\"target\":{\"@type\":\"EntryPoint\",\"urlTemplate\":\"https:\\\/\\\/waescheservice-frankfurt.de\\\/?s={search_term_string}\"},\"query-input\":{\"@type\":\"PropertyValueSpecification\",\"valueRequired\":true,\"valueName\":\"search_term_string\"}}],\"inLanguage\":\"en-US\"},{\"@type\":\"Organization\",\"@id\":\"https:\\\/\\\/waescheservice-frankfurt.de\\\/#organization\",\"name\":\"W\u00e4scheservice Frankfurt\",\"url\":\"https:\\\/\\\/waescheservice-frankfurt.de\\\/\",\"logo\":{\"@type\":\"ImageObject\",\"inLanguage\":\"en-US\",\"@id\":\"https:\\\/\\\/waescheservice-frankfurt.de\\\/#\\\/schema\\\/logo\\\/image\\\/\",\"url\":\"https:\\\/\\\/waescheservice-frankfurt.de\\\/wp-content\\\/uploads\\\/2022\\\/07\\\/Waescheservice-Fahrzeug-Seite-rechts.png\",\"contentUrl\":\"https:\\\/\\\/waescheservice-frankfurt.de\\\/wp-content\\\/uploads\\\/2022\\\/07\\\/Waescheservice-Fahrzeug-Seite-rechts.png\",\"width\":1064,\"height\":532,\"caption\":\"W\u00e4scheservice Frankfurt\"},\"image\":{\"@id\":\"https:\\\/\\\/waescheservice-frankfurt.de\\\/#\\\/schema\\\/logo\\\/image\\\/\"},\"sameAs\":[\"https:\\\/\\\/www.facebook.com\\\/waescheservicefrankfurt\"]}]}<\/script>\n<!-- \/ Yoast SEO plugin. -->","yoast_head_json":{"title":"Revocation - Laundry Service Frankfurt","robots":{"index":"index","follow":"follow","max-snippet":"max-snippet:-1","max-image-preview":"max-image-preview:large","max-video-preview":"max-video-preview:-1"},"canonical":"https:\/\/waescheservice-frankfurt.de\/en\/revocation\/","og_locale":"en_US","og_type":"article","og_title":"Widerruf - W\u00e4scheservice Frankfurt","og_description":"1. Widerrufsrecht und Belehrung 1.1. Dem Endkunden, der Verbraucher im Sinne des \u00a7 13 BGB ist, steht ein Widerrufsrecht zu. Verbraucher ist jede nat\u00fcrliche Person, die ein Rechtsgesch\u00e4ft zu Zwecken abschlie\u00dft, die \u00fcberwiegend weder Ihrer gewerblichen noch Ihrer selbstst\u00e4ndigen beruflichen T\u00e4tigkeit zugerechnet werden k\u00f6nnen. Das Widerrufsrecht besteht nicht, sofern einer der Ausschlusstatbest\u00e4nde des \u00a7 312g [...]","og_url":"https:\/\/waescheservice-frankfurt.de\/en\/revocation\/","og_site_name":"W\u00e4scheservice Frankfurt","article_publisher":"https:\/\/www.facebook.com\/waescheservicefrankfurt","article_modified_time":"2022-07-27T14:42:21+00:00","og_image":[{"width":1064,"height":1064,"url":"https:\/\/waescheservice-frankfurt.de\/wp-content\/uploads\/2022\/07\/Waescheservice-Fahrzeug-Seite-rechts-1064x1064-1.jpg","type":"image\/jpeg"}],"twitter_card":"summary_large_image","twitter_misc":{"Est. reading time":"3 minutes"},"schema":{"@context":"https:\/\/schema.org","@graph":[{"@type":"WebPage","@id":"https:\/\/waescheservice-frankfurt.de\/widerruf\/","url":"https:\/\/waescheservice-frankfurt.de\/widerruf\/","name":"Revocation - Laundry Service Frankfurt","isPartOf":{"@id":"https:\/\/waescheservice-frankfurt.de\/#website"},"datePublished":"2020-12-23T10:52:38+00:00","dateModified":"2022-07-27T14:42:21+00:00","breadcrumb":{"@id":"https:\/\/waescheservice-frankfurt.de\/widerruf\/#breadcrumb"},"inLanguage":"en-US","potentialAction":[{"@type":"ReadAction","target":["https:\/\/waescheservice-frankfurt.de\/widerruf\/"]}]},{"@type":"BreadcrumbList","@id":"https:\/\/waescheservice-frankfurt.de\/widerruf\/#breadcrumb","itemListElement":[{"@type":"ListItem","position":1,"name":"Home","item":"https:\/\/waescheservice-frankfurt.de\/"},{"@type":"ListItem","position":2,"name":"Widerruf"}]},{"@type":"WebSite","@id":"https:\/\/waescheservice-frankfurt.de\/#website","url":"https:\/\/waescheservice-frankfurt.de\/","name":"Laundry cleaning with pick-up and delivery service","description":"Laundry with pick-up and delivery service","publisher":{"@id":"https:\/\/waescheservice-frankfurt.de\/#organization"},"potentialAction":[{"@type":"SearchAction","target":{"@type":"EntryPoint","urlTemplate":"https:\/\/waescheservice-frankfurt.de\/?s={search_term_string}"},"query-input":{"@type":"PropertyValueSpecification","valueRequired":true,"valueName":"search_term_string"}}],"inLanguage":"en-US"},{"@type":"Organization","@id":"https:\/\/waescheservice-frankfurt.de\/#organization","name":"Laundry Service Frankfurt","url":"https:\/\/waescheservice-frankfurt.de\/","logo":{"@type":"ImageObject","inLanguage":"en-US","@id":"https:\/\/waescheservice-frankfurt.de\/#\/schema\/logo\/image\/","url":"https:\/\/waescheservice-frankfurt.de\/wp-content\/uploads\/2022\/07\/Waescheservice-Fahrzeug-Seite-rechts.png","contentUrl":"https:\/\/waescheservice-frankfurt.de\/wp-content\/uploads\/2022\/07\/Waescheservice-Fahrzeug-Seite-rechts.png","width":1064,"height":532,"caption":"W\u00e4scheservice Frankfurt"},"image":{"@id":"https:\/\/waescheservice-frankfurt.de\/#\/schema\/logo\/image\/"},"sameAs":["https:\/\/www.facebook.com\/waescheservicefrankfurt"]}]}},"_links":{"self":[{"href":"https:\/\/waescheservice-frankfurt.de\/en\/wp-json\/wp\/v2\/pages\/22","targetHints":{"allow":["GET"]}}],"collection":[{"href":"https:\/\/waescheservice-frankfurt.de\/en\/wp-json\/wp\/v2\/pages"}],"about":[{"href":"https:\/\/waescheservice-frankfurt.de\/en\/wp-json\/wp\/v2\/types\/page"}],"author":[{"embeddable":true,"href":"https:\/\/waescheservice-frankfurt.de\/en\/wp-json\/wp\/v2\/users\/1"}],"replies":[{"embeddable":true,"href":"https:\/\/waescheservice-frankfurt.de\/en\/wp-json\/wp\/v2\/comments?post=22"}],"version-history":[{"count":0,"href":"https:\/\/waescheservice-frankfurt.de\/en\/wp-json\/wp\/v2\/pages\/22\/revisions"}],"wp:attachment":[{"href":"https:\/\/waescheservice-frankfurt.de\/en\/wp-json\/wp\/v2\/media?parent=22"}],"curies":[{"name":"wp","href":"https:\/\/api.w.org\/{rel}","templated":true}]}}