{"id":25,"date":"2020-12-23T11:52:38","date_gmt":"2020-12-23T10:52:38","guid":{"rendered":"https:\/\/waescheservice-frankfurt.de\/zahlungsweisen\/"},"modified":"2021-08-04T08:18:56","modified_gmt":"2021-08-04T06:18:56","slug":"payment-methods","status":"publish","type":"page","link":"https:\/\/waescheservice-frankfurt.de\/en\/payment-methods\/","title":{"rendered":"Payment methods"},"content":{"rendered":"<p><strong>Payment Methods<\/strong><\/p>\n<p>We offer the following payment methods. Simply choose the payment method that suits you best. The shipping costs are partly dependent on the chosen payment method. The prices quoted in the respective offers represent final prices. They include all price components including any taxes that may be incurred, such as value added tax. You may only have to pay additional taxes (e.g. in the case of an intra-community acquisition) and \/ or duties (e.g. customs duties) in individual cases for cross-border deliveries, but not to the seller, but to the customs or tax authorities responsible there. The delivery and shipping costs incurred are not included in the purchase price, they can be called up on the &quot;Shipping costs&quot; page, are shown separately in the course of the order process and are to be borne by you in addition.<\/p>\n<p><em>debit charge<\/em><\/p>\n<p>We will collect the invoice amount of your order from your stored bank account after the order has been placed (will be carried out by PayPal Plus if you have selected payment by direct debit).<\/p>\n<p><em>On Bill<\/em><\/p>\n<p>Simply order and then pay for your laundry when you pick it up.<\/p>\n<p><em>Credit card<\/em><\/p>\n<p>Pay easily by credit card.<\/p>\n<p><em>PayPal \/ Paypal Plus<\/em><\/p>\n<p>Pay even faster and more securely with your PayPal account.<\/p>\n<p><em>Payment in advance<\/em><\/p>\n<p>When you pick up your laundry, you conveniently pay the driver.<\/p>\n<p><em>cash payment<\/em><\/p>\n<p>When you pick up your laundry, you conveniently pay the driver.<\/p>","protected":false},"excerpt":{"rendered":"<p>Zahlungsarten Wir bieten Ihnen folgende Zahlungsarten an. Suchen Sie sich einfach die f\u00fcr Sie optimale Zahlart aus. Die Versandkosten sind teilweise abh\u00e4ngig von der gew\u00e4hlten Zahlungsart. Die in den jeweiligen Angeboten angef\u00fchrten Preise stellen Endpreise dar. Sie beinhalten alle Preisbestandteile einschlie\u00dflich etwaig anfallender Steuern wie Mehrwertsteuer. Nur bei grenz\u00fcberschreitender Lieferung k\u00f6nnen im Einzelfall weitere Steuern [&#8230;]\n","protected":false},"author":1,"featured_media":0,"parent":0,"menu_order":0,"comment_status":"closed","ping_status":"open","template":"page-blank-title-center.php","meta":{"footnotes":""},"class_list":["post-25","page","type-page","status-publish","hentry"],"yoast_head":"<!-- This site is optimized with the Yoast SEO plugin v27.4 - https:\/\/yoast.com\/product\/yoast-seo-wordpress\/ -->\n<title>Zahlungsweisen - W\u00e4scheservice Frankfurt<\/title>\n<meta name=\"robots\" content=\"index, follow, max-snippet:-1, max-image-preview:large, max-video-preview:-1\" \/>\n<link rel=\"canonical\" href=\"https:\/\/waescheservice-frankfurt.de\/en\/payment-methods\/\" \/>\n<meta property=\"og:locale\" content=\"en_US\" \/>\n<meta property=\"og:type\" content=\"article\" \/>\n<meta property=\"og:title\" content=\"Zahlungsweisen - W\u00e4scheservice Frankfurt\" \/>\n<meta property=\"og:description\" content=\"Zahlungsarten Wir bieten Ihnen folgende Zahlungsarten an. Suchen Sie sich einfach die f\u00fcr Sie optimale Zahlart aus. Die Versandkosten sind teilweise abh\u00e4ngig von der gew\u00e4hlten Zahlungsart. Die in den jeweiligen Angeboten angef\u00fchrten Preise stellen Endpreise dar. Sie beinhalten alle Preisbestandteile einschlie\u00dflich etwaig anfallender Steuern wie Mehrwertsteuer. Nur bei grenz\u00fcberschreitender Lieferung k\u00f6nnen im Einzelfall weitere Steuern [...]\" \/>\n<meta property=\"og:url\" content=\"https:\/\/waescheservice-frankfurt.de\/en\/payment-methods\/\" \/>\n<meta property=\"og:site_name\" content=\"W\u00e4scheservice Frankfurt\" \/>\n<meta property=\"article:publisher\" content=\"https:\/\/www.facebook.com\/waescheservicefrankfurt\" \/>\n<meta property=\"article:modified_time\" content=\"2021-08-04T06:18:56+00:00\" \/>\n<meta property=\"og:image\" content=\"https:\/\/waescheservice-frankfurt.de\/wp-content\/uploads\/2022\/07\/Waescheservice-Fahrzeug-Seite-rechts-1064x1064-1.jpg\" \/>\n\t<meta property=\"og:image:width\" content=\"1064\" \/>\n\t<meta property=\"og:image:height\" content=\"1064\" \/>\n\t<meta property=\"og:image:type\" content=\"image\/jpeg\" \/>\n<meta name=\"twitter:card\" content=\"summary_large_image\" \/>\n<meta name=\"twitter:label1\" content=\"Est. reading time\" \/>\n\t<meta name=\"twitter:data1\" content=\"1 minute\" \/>\n<script type=\"application\/ld+json\" class=\"yoast-schema-graph\">{\"@context\":\"https:\\\/\\\/schema.org\",\"@graph\":[{\"@type\":\"WebPage\",\"@id\":\"https:\\\/\\\/waescheservice-frankfurt.de\\\/zahlungsweisen\\\/\",\"url\":\"https:\\\/\\\/waescheservice-frankfurt.de\\\/zahlungsweisen\\\/\",\"name\":\"Zahlungsweisen - W\u00e4scheservice Frankfurt\",\"isPartOf\":{\"@id\":\"https:\\\/\\\/waescheservice-frankfurt.de\\\/#website\"},\"datePublished\":\"2020-12-23T10:52:38+00:00\",\"dateModified\":\"2021-08-04T06:18:56+00:00\",\"breadcrumb\":{\"@id\":\"https:\\\/\\\/waescheservice-frankfurt.de\\\/zahlungsweisen\\\/#breadcrumb\"},\"inLanguage\":\"en-US\",\"potentialAction\":[{\"@type\":\"ReadAction\",\"target\":[\"https:\\\/\\\/waescheservice-frankfurt.de\\\/zahlungsweisen\\\/\"]}]},{\"@type\":\"BreadcrumbList\",\"@id\":\"https:\\\/\\\/waescheservice-frankfurt.de\\\/zahlungsweisen\\\/#breadcrumb\",\"itemListElement\":[{\"@type\":\"ListItem\",\"position\":1,\"name\":\"Home\",\"item\":\"https:\\\/\\\/waescheservice-frankfurt.de\\\/\"},{\"@type\":\"ListItem\",\"position\":2,\"name\":\"Zahlungsweisen\"}]},{\"@type\":\"WebSite\",\"@id\":\"https:\\\/\\\/waescheservice-frankfurt.de\\\/#website\",\"url\":\"https:\\\/\\\/waescheservice-frankfurt.de\\\/\",\"name\":\"W\u00e4sche Reinigung mit Abhol- und Lieferservice\",\"description\":\"W\u00e4sche waschen mit Abhol- und Lieferservice\",\"publisher\":{\"@id\":\"https:\\\/\\\/waescheservice-frankfurt.de\\\/#organization\"},\"potentialAction\":[{\"@type\":\"SearchAction\",\"target\":{\"@type\":\"EntryPoint\",\"urlTemplate\":\"https:\\\/\\\/waescheservice-frankfurt.de\\\/?s={search_term_string}\"},\"query-input\":{\"@type\":\"PropertyValueSpecification\",\"valueRequired\":true,\"valueName\":\"search_term_string\"}}],\"inLanguage\":\"en-US\"},{\"@type\":\"Organization\",\"@id\":\"https:\\\/\\\/waescheservice-frankfurt.de\\\/#organization\",\"name\":\"W\u00e4scheservice Frankfurt\",\"url\":\"https:\\\/\\\/waescheservice-frankfurt.de\\\/\",\"logo\":{\"@type\":\"ImageObject\",\"inLanguage\":\"en-US\",\"@id\":\"https:\\\/\\\/waescheservice-frankfurt.de\\\/#\\\/schema\\\/logo\\\/image\\\/\",\"url\":\"https:\\\/\\\/waescheservice-frankfurt.de\\\/wp-content\\\/uploads\\\/2022\\\/07\\\/Waescheservice-Fahrzeug-Seite-rechts.png\",\"contentUrl\":\"https:\\\/\\\/waescheservice-frankfurt.de\\\/wp-content\\\/uploads\\\/2022\\\/07\\\/Waescheservice-Fahrzeug-Seite-rechts.png\",\"width\":1064,\"height\":532,\"caption\":\"W\u00e4scheservice Frankfurt\"},\"image\":{\"@id\":\"https:\\\/\\\/waescheservice-frankfurt.de\\\/#\\\/schema\\\/logo\\\/image\\\/\"},\"sameAs\":[\"https:\\\/\\\/www.facebook.com\\\/waescheservicefrankfurt\"]}]}<\/script>\n<!-- \/ Yoast SEO plugin. -->","yoast_head_json":{"title":"Methods of payment - Laundry service Frankfurt","robots":{"index":"index","follow":"follow","max-snippet":"max-snippet:-1","max-image-preview":"max-image-preview:large","max-video-preview":"max-video-preview:-1"},"canonical":"https:\/\/waescheservice-frankfurt.de\/en\/payment-methods\/","og_locale":"en_US","og_type":"article","og_title":"Zahlungsweisen - W\u00e4scheservice Frankfurt","og_description":"Zahlungsarten Wir bieten Ihnen folgende Zahlungsarten an. Suchen Sie sich einfach die f\u00fcr Sie optimale Zahlart aus. Die Versandkosten sind teilweise abh\u00e4ngig von der gew\u00e4hlten Zahlungsart. Die in den jeweiligen Angeboten angef\u00fchrten Preise stellen Endpreise dar. Sie beinhalten alle Preisbestandteile einschlie\u00dflich etwaig anfallender Steuern wie Mehrwertsteuer. Nur bei grenz\u00fcberschreitender Lieferung k\u00f6nnen im Einzelfall weitere Steuern [...]","og_url":"https:\/\/waescheservice-frankfurt.de\/en\/payment-methods\/","og_site_name":"W\u00e4scheservice Frankfurt","article_publisher":"https:\/\/www.facebook.com\/waescheservicefrankfurt","article_modified_time":"2021-08-04T06:18:56+00:00","og_image":[{"width":1064,"height":1064,"url":"https:\/\/waescheservice-frankfurt.de\/wp-content\/uploads\/2022\/07\/Waescheservice-Fahrzeug-Seite-rechts-1064x1064-1.jpg","type":"image\/jpeg"}],"twitter_card":"summary_large_image","twitter_misc":{"Est. reading time":"1 minute"},"schema":{"@context":"https:\/\/schema.org","@graph":[{"@type":"WebPage","@id":"https:\/\/waescheservice-frankfurt.de\/zahlungsweisen\/","url":"https:\/\/waescheservice-frankfurt.de\/zahlungsweisen\/","name":"Methods of payment - Laundry service Frankfurt","isPartOf":{"@id":"https:\/\/waescheservice-frankfurt.de\/#website"},"datePublished":"2020-12-23T10:52:38+00:00","dateModified":"2021-08-04T06:18:56+00:00","breadcrumb":{"@id":"https:\/\/waescheservice-frankfurt.de\/zahlungsweisen\/#breadcrumb"},"inLanguage":"en-US","potentialAction":[{"@type":"ReadAction","target":["https:\/\/waescheservice-frankfurt.de\/zahlungsweisen\/"]}]},{"@type":"BreadcrumbList","@id":"https:\/\/waescheservice-frankfurt.de\/zahlungsweisen\/#breadcrumb","itemListElement":[{"@type":"ListItem","position":1,"name":"Home","item":"https:\/\/waescheservice-frankfurt.de\/"},{"@type":"ListItem","position":2,"name":"Zahlungsweisen"}]},{"@type":"WebSite","@id":"https:\/\/waescheservice-frankfurt.de\/#website","url":"https:\/\/waescheservice-frankfurt.de\/","name":"Laundry cleaning with pick-up and delivery service","description":"Laundry with pick-up and delivery service","publisher":{"@id":"https:\/\/waescheservice-frankfurt.de\/#organization"},"potentialAction":[{"@type":"SearchAction","target":{"@type":"EntryPoint","urlTemplate":"https:\/\/waescheservice-frankfurt.de\/?s={search_term_string}"},"query-input":{"@type":"PropertyValueSpecification","valueRequired":true,"valueName":"search_term_string"}}],"inLanguage":"en-US"},{"@type":"Organization","@id":"https:\/\/waescheservice-frankfurt.de\/#organization","name":"Laundry Service Frankfurt","url":"https:\/\/waescheservice-frankfurt.de\/","logo":{"@type":"ImageObject","inLanguage":"en-US","@id":"https:\/\/waescheservice-frankfurt.de\/#\/schema\/logo\/image\/","url":"https:\/\/waescheservice-frankfurt.de\/wp-content\/uploads\/2022\/07\/Waescheservice-Fahrzeug-Seite-rechts.png","contentUrl":"https:\/\/waescheservice-frankfurt.de\/wp-content\/uploads\/2022\/07\/Waescheservice-Fahrzeug-Seite-rechts.png","width":1064,"height":532,"caption":"W\u00e4scheservice Frankfurt"},"image":{"@id":"https:\/\/waescheservice-frankfurt.de\/#\/schema\/logo\/image\/"},"sameAs":["https:\/\/www.facebook.com\/waescheservicefrankfurt"]}]}},"_links":{"self":[{"href":"https:\/\/waescheservice-frankfurt.de\/en\/wp-json\/wp\/v2\/pages\/25","targetHints":{"allow":["GET"]}}],"collection":[{"href":"https:\/\/waescheservice-frankfurt.de\/en\/wp-json\/wp\/v2\/pages"}],"about":[{"href":"https:\/\/waescheservice-frankfurt.de\/en\/wp-json\/wp\/v2\/types\/page"}],"author":[{"embeddable":true,"href":"https:\/\/waescheservice-frankfurt.de\/en\/wp-json\/wp\/v2\/users\/1"}],"replies":[{"embeddable":true,"href":"https:\/\/waescheservice-frankfurt.de\/en\/wp-json\/wp\/v2\/comments?post=25"}],"version-history":[{"count":0,"href":"https:\/\/waescheservice-frankfurt.de\/en\/wp-json\/wp\/v2\/pages\/25\/revisions"}],"wp:attachment":[{"href":"https:\/\/waescheservice-frankfurt.de\/en\/wp-json\/wp\/v2\/media?parent=25"}],"curies":[{"name":"wp","href":"https:\/\/api.w.org\/{rel}","templated":true}]}}