{"id":774,"date":"2021-03-14T15:06:48","date_gmt":"2021-03-14T14:06:48","guid":{"rendered":"https:\/\/waescheservice-frankfurt.de\/?page_id=774"},"modified":"2024-02-01T16:04:05","modified_gmt":"2024-02-01T15:04:05","slug":"contact-2","status":"publish","type":"page","link":"https:\/\/waescheservice-frankfurt.de\/en\/contact-2\/","title":{"rendered":"Contact"},"content":{"rendered":"\n\t<script type=\"text\/javascript\">\n  jQuery( document ).ready(function() {\n    function initialize() {\n        var styles = {\n            'flatsome':  [{\n            \"featureType\": \"administrative\",\n            \"stylers\": [\n              { \"visibility\": \"on\" }\n            ]\n          },\n          {\n            \"featureType\": \"road\",\n            \"stylers\": [\n              { \"visibility\": \"on\" },\n              { \"hue\": \"#29abe2\" }\n            ]\n          },\n          {\n            \"stylers\": [\n\t\t\t  { \"visibility\": \"on\" },\n\t\t\t  { \"hue\": \"#29abe2\" },\n\t\t\t  { \"saturation\": -30 }\n            ]\n          }\n        ]};\n\n        var myLatlng = new google.maps.LatLng(50.1132034, 8.7027313);\n        var myOptions = {\n            zoom: 11,\n            center: myLatlng,\n            mapTypeId: google.maps.MapTypeId.ROADMAP,\n            disableDefaultUI: true,\n            mapTypeId: 'flatsome',\n            draggable: true,\n            zoomControl: false,\n            zoomControlOptions: {\n              position: google.maps.ControlPosition.TOP_LEFT\n            },\n      \t\t\tmapTypeControl: false,\n            mapTypeControlOptions: {\n              position: google.maps.ControlPosition.TOP_LEFT\n            },\n      \t\t\tstreetViewControl: false,\n            streetViewControlOptions: {\n              position: google.maps.ControlPosition.TOP_LEFT\n            },\n            scrollwheel: false,\n            disableDoubleClickZoom: true\n        }\n        var map = new google.maps.Map(document.getElementById(\"map-682660748-inner\"), myOptions);\n        var styledMapType = new google.maps.StyledMapType(styles['flatsome'], {name: 'flatsome'});\n        map.mapTypes.set('flatsome', styledMapType);\n\n        var marker = new google.maps.Marker({\n            position: myLatlng,\n            map: map,\n            title:\"\"\n        });\n    }\n\n    \/\/ Required to proceed\n    if (!(typeof google === 'object' && typeof google.maps === 'object')) {\n      return\n    }\n\n    initialize()\n    google.maps.event.addDomListener(window, 'resize', initialize);\n    });\n    <\/script>\n\n    <div class=\"google-map relative mb hidden\" id=\"map-682660748\">\n        <div class=\"map-height\" id=\"map-682660748-inner\"><\/div>\n        <div id=\"map_overlay_top\"><\/div>\n        <div id=\"map_overlay_bottom\"><\/div>\n                  <div class=\"map_inner map-inner last-reset absolute x100 md-x50 lg-x50 y100 md-y30 lg-y30\">\n              \n\t<div id=\"text-4059595319\" class=\"text hidden\">\n\t\t\n<h4>Pr\u00fcfen Sie den Abhol- und Lieferservice<\/h4>\n<p>Hier m\u00fcssen Sie Ihre Postleitzahl pr\u00fcfen, da wir nicht \u00fcberall unseren Abhol- und Lieferservice zur Zeit anbieten k\u00f6nnen.[ByConsoleWcLaundryservice_search_by_postcode]\n\t\t\n<style>\n#text-4059595319 {\n  text-align: center;\n}\n<\/style>\n\t<\/div>\n\t\n\t<div id=\"text-308137630\" class=\"text\">\n\t\t\n<p><strong>Wir holen Ihre W\u00e4sche von Ihrer Wunsch-Adresse ab, waschen diese professionell und liefern Ihnen Ihre saubere W\u00e4sche zur\u00fcck an Ihre Wunsch-Adresse.<br \/><\/strong><\/p>\n\t\t\n<style>\n#text-308137630 {\n  font-size: 1.2rem;\n  text-align: center;\n}\n<\/style>\n\t<\/div>\n\t\n<a href=\"\/waescheservice-shop\/\" class=\"button primary is-large expand\" style=\"border-radius:99px;padding:10px 0px 10px 0px;\">\n\t\t<span>W\u00e4sche zum waschen ausw\u00e4hlen<\/span>\n\t<\/a>\n\n\t<div id=\"text-2485093753\" class=\"text\">\n\t\t\n<p><strong><span style=\"text-decoration: underline;\"><a class=\"plz\" href=\"https:\/\/waescheservice-frankfurt.de\/abhol-und-lieferservice-postleitzahlen-gebiete\/\" target=\"_blank\" rel=\"noopener\">In folgenden Postleitzahlen bieten wir unseren W\u00e4sche Abhol- und Lieferservice an<\/a><\/span><\/strong>, da wir nicht \u00fcberall unseren W\u00e4sche Abhol- und Lieferservice anbieten k\u00f6nnen.<\/p>\n\t\t\n<style>\n#text-2485093753 {\n  text-align: center;\n}\n<\/style>\n\t<\/div>\n\t\n         <\/div>\n       \n       \n<style>\n#map-682660748 .map-inner {\n  background-color: rgba(255, 255, 255, 0.9);\n  max-width: 100%;\n}\n#map-682660748 .map-height {\n  height: 600px;\n}\n@media (min-width:550px) {\n  #map-682660748 .map-inner {\n    max-width: 40%;\n  }\n}\n@media (min-width:850px) {\n  #map-682660748 .map-inner {\n    max-width: 100%;\n  }\n}\n<\/style>\n    <\/div>\n\n\t\n\n\t<section class=\"section\" id=\"section_110830214\">\n\t\t<div class=\"section-bg fill\" >\n\t\t\t\t\t\t\t\t\t<div class=\"section-bg-overlay absolute fill\"><\/div>\n\t\t\t\n\t<div class=\"is-border\"\n\t\tstyle=\"border-width:1px 0px 1px 0px;\">\n\t<\/div>\n\n\t\t<\/div>\n\n\t\t\n\n\t\t<div class=\"section-content relative\">\n\t\t\t\n<div class=\"row row-large\"  id=\"row-1231084669\">\n\n\t<div id=\"col-1972320577\" class=\"col medium-6 small-12 large-6\"  >\n\t\t\t\t<div class=\"col-inner\"  >\n\t\t\t\n\t\t\t\n\n<div class=\"wpcf7 no-js\" id=\"wpcf7-f13-o1\" lang=\"de-DE\" dir=\"ltr\" data-wpcf7-id=\"13\">\n<div class=\"screen-reader-response\"><p role=\"status\" aria-live=\"polite\" aria-atomic=\"true\"><\/p> <ul><\/ul><\/div>\n<form action=\"\/en\/wp-json\/wp\/v2\/pages\/774#wpcf7-f13-o1\" method=\"post\" class=\"wpcf7-form init\" aria-label=\"Kontaktformular\" novalidate=\"novalidate\" data-status=\"init\">\n<fieldset class=\"hidden-fields-container\"><input type=\"hidden\" name=\"_wpcf7\" value=\"13\" \/><input type=\"hidden\" name=\"_wpcf7_version\" value=\"6.1.5\" \/><input type=\"hidden\" name=\"_wpcf7_locale\" value=\"de_DE\" \/><input type=\"hidden\" name=\"_wpcf7_unit_tag\" value=\"wpcf7-f13-o1\" \/><input type=\"hidden\" name=\"_wpcf7_container_post\" value=\"0\" \/><input type=\"hidden\" name=\"_wpcf7_posted_data_hash\" value=\"\" \/>\n<\/fieldset>\n<p><label> Ihr Name<br \/>\n<span class=\"wpcf7-form-control-wrap\" data-name=\"your-name\"><input size=\"40\" maxlength=\"400\" class=\"wpcf7-form-control wpcf7-text wpcf7-validates-as-required\" aria-required=\"true\" aria-invalid=\"false\" value=\"\" type=\"text\" name=\"your-name\" \/><\/span> <\/label>\n<\/p>\n<p><label> Firma (optional)<br \/>\n<span class=\"wpcf7-form-control-wrap\" data-name=\"your-company\"><input size=\"40\" maxlength=\"400\" class=\"wpcf7-form-control wpcf7-text wpcf7-validates-as-required\" aria-required=\"true\" aria-invalid=\"false\" value=\"\" type=\"text\" name=\"your-company\" \/><\/span> <\/label>\n<\/p>\n<p><label> Ihre Email<br \/>\n<span class=\"wpcf7-form-control-wrap\" data-name=\"your-email\"><input size=\"40\" maxlength=\"400\" class=\"wpcf7-form-control wpcf7-email wpcf7-validates-as-required wpcf7-text wpcf7-validates-as-email\" aria-required=\"true\" aria-invalid=\"false\" value=\"\" type=\"email\" name=\"your-email\" \/><\/span> <\/label>\n<\/p>\n<p><label> Betreff<br \/>\n<span class=\"wpcf7-form-control-wrap\" data-name=\"your-subject\"><input size=\"40\" maxlength=\"400\" class=\"wpcf7-form-control wpcf7-text wpcf7-validates-as-required\" aria-required=\"true\" aria-invalid=\"false\" value=\"\" type=\"text\" name=\"your-subject\" \/><\/span> <\/label>\n<\/p>\n<p><label> Ihre Nachricht (optional)<br \/>\n<span class=\"wpcf7-form-control-wrap\" data-name=\"your-message\"><textarea cols=\"40\" rows=\"10\" maxlength=\"2000\" class=\"wpcf7-form-control wpcf7-textarea\" aria-invalid=\"false\" name=\"your-message\"><\/textarea><\/span> <\/label>\n<\/p>\n<p><input class=\"wpcf7-form-control wpcf7-submit has-spinner\" type=\"submit\" value=\"Senden\" \/>\n<\/p><div class=\"frc-captcha \" data-sitekey=\"FCMLIFNO1Q7Q0HGR\" data-lang=\"en\" ><\/div>\n\t\t<noscript>You need to enable Javascript for the anti-spam check.<\/noscript><div class=\"wpcf7-response-output\" aria-hidden=\"true\"><\/div>\n<\/form>\n<\/div>\n\n\t\t<\/div>\n\t\t\t\t\t<\/div>\n\n\t\n\n\t<div id=\"col-195011171\" class=\"col medium-6 small-12 large-6\"  >\n\t\t\t\t<div class=\"col-inner text-left\"  >\n\t\t\t\n\t\t\t\n<h2 class=\"uppercase\">Kontaktdaten<\/h2>\n<p><strong>Bitte kontaktieren Sie uns. Wir freuen uns auf Ihre Fragen oder Anregungen.<\/strong><\/p>\n<p>W\u00e4scheservice Frankfurt<\/p>\n<p>Inhaber: Rainer Thormann<br \/>Allerheiligen Str. 7<br \/>60313\u00a0Frankfurt am Main<\/p>\n<p>E-Mail: info@waescheservice-frankfurt.de<br \/>Telefon: <a href=\"tel:+491607969990\">+49 (0) 160 7969990<\/a><\/p>\n\t\t<\/div>\n\t\t\t\t\t<\/div>\n\n\t\n<\/div>\n\t\t<\/div>\n\n\t\t\n<style>\n#section_110830214 {\n  padding-top: 60px;\n  padding-bottom: 60px;\n  background-color: rgb(193, 193, 193);\n}\n#section_110830214 .section-bg-overlay {\n  background-color: rgba(255, 255, 255, 0.85);\n}\n<\/style>\n\t<\/section>\n\t\n\n\t<section class=\"section\" id=\"section_515357384\">\n\t\t<div class=\"section-bg fill\" >\n\t\t\t\t\t\t\t\t\t\n\t\t\t\n\n\t\t<\/div>\n\n\t\t\n\n\t\t<div class=\"section-content relative\">\n\t\t\t\n<div class=\"row row-large align-center row-divided\"  id=\"row-310605288\">\n\n\t<div id=\"col-1336424187\" class=\"col medium-4 large-4\"  >\n\t\t\t\t<div class=\"col-inner\"  >\n\t\t\t\n\t\t\t\n\n\t\t<div class=\"icon-box featured-box icon-box-center text-center\"  style=\"margin:0 0px 0px 0px;\">\n\t\t\t\t\t<div class=\"icon-box-img\" style=\"width: 100px\">\n\t\t\t\t<div class=\"icon\">\n\t\t\t\t\t<div class=\"icon-inner\" >\n\t\t\t\t\t\t<img loading=\"lazy\" decoding=\"async\" width=\"225\" height=\"225\" src=\"https:\/\/waescheservice-frankfurt.de\/wp-content\/uploads\/2021\/03\/plz-suche.png\" class=\"attachment-medium size-medium wvs-archive-product-image\" alt=\"W\u00e4scheservice Frankfurt PLZ Suche\" srcset=\"https:\/\/waescheservice-frankfurt.de\/wp-content\/uploads\/2021\/03\/plz-suche.png 225w, https:\/\/waescheservice-frankfurt.de\/wp-content\/uploads\/2021\/03\/plz-suche-100x100.png 100w\" sizes=\"auto, (max-width: 225px) 100vw, 225px\" \/>\t\t\t\t\t<\/div>\n\t\t\t\t<\/div>\n\t\t\t<\/div>\n\t\t\t\t<div class=\"icon-box-text last-reset\">\n\t\t\t<h5 class=\"uppercase\">1. Postleitzahl eingeben<\/h5>\t\t\t\t\t\t\n<p>W\u00e4scheservice Frankfurt bietet seinen Abhol- und Lieferservice nur im Rhein-Main Gebiet, Frankfurt am Main, Hochtaunuskreis, Bad Vilbel, Karben und etwas dar\u00fcber hinaus an. Bitte pr\u00fcfen sie Ihre PLZ.<\/p>\n\t\t<\/div>\n\t<\/div>\n\t\n\t\n\t\t<\/div>\n\t\t\t\t\t<\/div>\n\n\t\n\n\t<div id=\"col-451799211\" class=\"col medium-4 large-4\"  >\n\t\t\t\t<div class=\"col-inner\"  >\n\t\t\t\n\t\t\t\n\n\t\t<div class=\"icon-box featured-box icon-box-center text-center\"  style=\"margin:0 0px 0px 0px;\">\n\t\t\t\t\t<div class=\"icon-box-img\" style=\"width: 100px\">\n\t\t\t\t<div class=\"icon\">\n\t\t\t\t\t<div class=\"icon-inner\" >\n\t\t\t\t\t\t<img loading=\"lazy\" decoding=\"async\" width=\"225\" height=\"225\" src=\"https:\/\/waescheservice-frankfurt.de\/wp-content\/uploads\/2021\/03\/Waescheservice-Fahrzeug-Hinten-225px.jpg\" class=\"attachment-medium size-medium wvs-archive-product-image\" alt=\"W\u00e4scheservice Frankfurt\" srcset=\"https:\/\/waescheservice-frankfurt.de\/wp-content\/uploads\/2021\/03\/Waescheservice-Fahrzeug-Hinten-225px.jpg 225w, https:\/\/waescheservice-frankfurt.de\/wp-content\/uploads\/2021\/03\/Waescheservice-Fahrzeug-Hinten-225px-100x100.jpg 100w\" sizes=\"auto, (max-width: 225px) 100vw, 225px\" \/>\t\t\t\t\t<\/div>\n\t\t\t\t<\/div>\n\t\t\t<\/div>\n\t\t\t\t<div class=\"icon-box-text last-reset\">\n\t\t\t<h5 class=\"uppercase\">2. Abholen Ihrer W\u00e4sche<\/h5>\t\t\t\t\t\t\n<p>Im W\u00e4scheservice Shop legen Sie die W\u00e4schest\u00fccke und Textilien mit Anzahl in den W\u00e4schekorb, die wir abholen und reinigen sollen und an der Kasse k\u00f6nnen Sie dann das Abhol-Datum und die Abhol-Uhrzeit auch noch angeben.<\/p>\n\t\t<\/div>\n\t<\/div>\n\t\n\t\n\t\t<\/div>\n\t\t\t\t\t<\/div>\n\n\t\n\n\t<div id=\"col-1858158410\" class=\"col medium-4 large-4\"  >\n\t\t\t\t<div class=\"col-inner\"  >\n\t\t\t\n\t\t\t\n\n\t\t<div class=\"icon-box featured-box icon-box-center text-center\"  style=\"margin:0 0px 0px 0px;\">\n\t\t\t\t\t<div class=\"icon-box-img\" style=\"width: 100px\">\n\t\t\t\t<div class=\"icon\">\n\t\t\t\t\t<div class=\"icon-inner\" >\n\t\t\t\t\t\t<img loading=\"lazy\" decoding=\"async\" width=\"225\" height=\"225\" src=\"https:\/\/waescheservice-frankfurt.de\/wp-content\/uploads\/2021\/03\/Waescheservice-Fahrzeug-Front-225px.jpg\" class=\"attachment-medium size-medium wvs-archive-product-image\" alt=\"W\u00e4scheservice Frankfurt\" srcset=\"https:\/\/waescheservice-frankfurt.de\/wp-content\/uploads\/2021\/03\/Waescheservice-Fahrzeug-Front-225px.jpg 225w, https:\/\/waescheservice-frankfurt.de\/wp-content\/uploads\/2021\/03\/Waescheservice-Fahrzeug-Front-225px-100x100.jpg 100w\" sizes=\"auto, (max-width: 225px) 100vw, 225px\" \/>\t\t\t\t\t<\/div>\n\t\t\t\t<\/div>\n\t\t\t<\/div>\n\t\t\t\t<div class=\"icon-box-text last-reset\">\n\t\t\t<h5 class=\"uppercase\">3. Lieferung Ihrer W\u00e4sche<\/h5>\t\t\t\t\t\t\n<p>Nach erfolgter Reinigung liefern wir Ihnen Ihre geb\u00fcgelte und\/oder gemangelten W\u00e4schest\u00fccke und Textilien an das von Ihnen an der Kasse festgelegtes Liefer-Datum und Liefer-Uhrzeit aus.<\/p>\n\t\t<\/div>\n\t<\/div>\n\t\n\t\n\t\t<\/div>\n\t\t\t\t\t<\/div>\n\n\t\n<\/div>\n\t\t<\/div>\n\n\t\t\n<style>\n#section_515357384 {\n  padding-top: 30px;\n  padding-bottom: 30px;\n  background-color: rgb(255, 255, 255);\n}\n<\/style>\n\t<\/section>\n\t\n\n\t<section class=\"section\" id=\"section_1603981444\">\n\t\t<div class=\"section-bg fill\" >\n\t\t\t\t\t\t\t\t\t<div class=\"section-bg-overlay absolute fill\"><\/div>\n\t\t\t\n\t<div class=\"is-border\"\n\t\tstyle=\"border-width:1px 0px 1px 0px;\">\n\t<\/div>\n\n\t\t<\/div>\n\n\t\t\n\n\t\t<div class=\"section-content relative\">\n\t\t\t\n<div class=\"row row-large align-middle\"  id=\"row-1628609972\">\n\n\t<div id=\"col-1410198045\" class=\"col medium-6 small-12 large-6\"  >\n\t\t\t\t<div class=\"col-inner text-left\"  >\n\t\t\t\n\t\t\t\n<h2 class=\"uppercase\">Abholservice<\/h2>\n<p>Nachdem Sie Ihre zu reinigende W\u00e4sche in den W\u00e4schekorb gelegt haben, geben Sie uns dann Ihr gew\u00fcnschtes Abhol-Datum und Abhol-Uhrzeit an, damit Sie Ihren Tag bequem planen k\u00f6nnen. Unser Fahrer kommt p\u00fcnktlich innerhalb des gew\u00fcnschten Zeitfensters zu Ihnen um Ihre zu reinigende W\u00e4sche abzuholen.<\/p>\n<a href=\"#top\" class=\"button primary\" >\n\t\t<span>Jetzt starten<\/span>\n\t<\/a>\n\n\t\t<\/div>\n\t\t\t\t\t<\/div>\n\n\t\n\n\t<div id=\"col-201680921\" class=\"col medium-6 small-12 large-6\"  >\n\t\t\t\t<div class=\"col-inner\"  >\n\t\t\t\n\t\t\t\n\t<div class=\"img has-hover x md-x lg-x y md-y lg-y\" id=\"image_992409020\">\n\t\t\t\t\t\t\t\t<div class=\"img-inner box-shadow-2 dark\" >\n\t\t\t<img loading=\"lazy\" decoding=\"async\" width=\"1020\" height=\"492\" src=\"https:\/\/waescheservice-frankfurt.de\/wp-content\/uploads\/2021\/03\/Waescheservice-Fahrzeug-Seite-rechts.jpg\" class=\"attachment-large size-large wvs-archive-product-image\" alt=\"W\u00e4scheservice Frankfurt\" srcset=\"https:\/\/waescheservice-frankfurt.de\/wp-content\/uploads\/2021\/03\/Waescheservice-Fahrzeug-Seite-rechts.jpg 1064w, https:\/\/waescheservice-frankfurt.de\/wp-content\/uploads\/2021\/03\/Waescheservice-Fahrzeug-Seite-rechts-800x386.jpg 800w, https:\/\/waescheservice-frankfurt.de\/wp-content\/uploads\/2021\/03\/Waescheservice-Fahrzeug-Seite-rechts-768x370.jpg 768w, https:\/\/waescheservice-frankfurt.de\/wp-content\/uploads\/2021\/03\/Waescheservice-Fahrzeug-Seite-rechts-247x119.jpg 247w, https:\/\/waescheservice-frankfurt.de\/wp-content\/uploads\/2021\/03\/Waescheservice-Fahrzeug-Seite-rechts-510x246.jpg 510w\" sizes=\"auto, (max-width: 1020px) 100vw, 1020px\" \/>\t\t\t\t\t\t\n\t\t\t\t\t<\/div>\n\t\t\t\t\t\t\t\t\n<style>\n#image_992409020 {\n  width: 100%;\n}\n<\/style>\n\t<\/div>\n\t\n\t\t<\/div>\n\t\t\t\t\t<\/div>\n\n\t\n<\/div>\n\t\t<\/div>\n\n\t\t\n<style>\n#section_1603981444 {\n  padding-top: 60px;\n  padding-bottom: 60px;\n  background-color: rgb(193, 193, 193);\n}\n#section_1603981444 .section-bg-overlay {\n  background-color: rgba(255, 255, 255, 0.85);\n}\n<\/style>\n\t<\/section>\n\t\n\n\t<section class=\"section\" id=\"section_1027048996\">\n\t\t<div class=\"section-bg fill\" >\n\t\t\t\t\t\t\t\t\t<div class=\"section-bg-overlay absolute fill\"><\/div>\n\t\t\t\n\n\t\t<\/div>\n\n\t\t\n\n\t\t<div class=\"section-content relative\">\n\t\t\t\n<div class=\"row row-large align-middle\"  id=\"row-2142085079\">\n\n\t<div id=\"col-162381222\" class=\"col medium-6 small-12 large-6\"  >\n\t\t\t\t<div class=\"col-inner\"  >\n\t\t\t\n\t\t\t\n\t<div class=\"img has-hover x md-x lg-x y md-y lg-y\" id=\"image_2134444568\">\n\t\t\t\t\t\t\t\t<div class=\"img-inner box-shadow-2 dark\" >\n\t\t\t<img loading=\"lazy\" decoding=\"async\" width=\"1020\" height=\"444\" src=\"https:\/\/waescheservice-frankfurt.de\/wp-content\/uploads\/2021\/03\/Waescheservice-Fahrzeug-Seite-links.jpg\" class=\"attachment-large size-large wvs-archive-product-image\" alt=\"W\u00e4scheservice Frankfurt\" srcset=\"https:\/\/waescheservice-frankfurt.de\/wp-content\/uploads\/2021\/03\/Waescheservice-Fahrzeug-Seite-links.jpg 1056w, https:\/\/waescheservice-frankfurt.de\/wp-content\/uploads\/2021\/03\/Waescheservice-Fahrzeug-Seite-links-800x348.jpg 800w, https:\/\/waescheservice-frankfurt.de\/wp-content\/uploads\/2021\/03\/Waescheservice-Fahrzeug-Seite-links-768x335.jpg 768w, https:\/\/waescheservice-frankfurt.de\/wp-content\/uploads\/2021\/03\/Waescheservice-Fahrzeug-Seite-links-247x108.jpg 247w, https:\/\/waescheservice-frankfurt.de\/wp-content\/uploads\/2021\/03\/Waescheservice-Fahrzeug-Seite-links-510x222.jpg 510w\" sizes=\"auto, (max-width: 1020px) 100vw, 1020px\" \/>\t\t\t\t\t\t\n\t\t\t\t\t<\/div>\n\t\t\t\t\t\t\t\t\n<style>\n#image_2134444568 {\n  width: 100%;\n}\n<\/style>\n\t<\/div>\n\t\n\t\t<\/div>\n\t\t\t\t\t<\/div>\n\n\t\n\n\t<div id=\"col-1157042333\" class=\"col medium-6 small-12 large-6\"  >\n\t\t\t\t<div class=\"col-inner text-left\"  >\n\t\t\t\n\t\t\t\n<h2 class=\"uppercase\">Lieferservice<\/h2>\n<p>Nachdem wir Ihre gereinigte und geb\u00fcgelte W\u00e4sche zu Auslieferung an Sie vorbereitet haben, erhalten Sie eine Benachrichtigung per Email dar\u00fcber, das wir Ihre W\u00e4sche nun zu der von Ihnen bei der Beauftragung gew\u00fcnschtes Auslieferungs-Datum und Auslieferungs-Uhrzeit p\u00fcnktlich zur\u00fcck zu Ihnen ausliefern.<\/p>\n<a href=\"#top\" class=\"button primary\" >\n\t\t<span>Jetzt starten<\/span>\n\t<\/a>\n\n\t\t<\/div>\n\t\t\t\t\t<\/div>\n\n\t\n<\/div>\n\t\t<\/div>\n\n\t\t\n<style>\n#section_1027048996 {\n  padding-top: 60px;\n  padding-bottom: 60px;\n  background-color: rgb(255, 255, 255);\n}\n#section_1027048996 .section-bg-overlay {\n  background-color: rgba(255, 255, 255, 0.85);\n}\n<\/style>\n\t<\/section>\n\t\n\n\n","protected":false},"excerpt":{"rendered":"","protected":false},"author":1,"featured_media":0,"parent":0,"menu_order":0,"comment_status":"closed","ping_status":"open","template":"page-blank.php","meta":{"footnotes":""},"class_list":["post-774","page","type-page","status-publish","hentry"],"yoast_head":"<!-- This site is optimized with the Yoast SEO plugin v27.4 - https:\/\/yoast.com\/product\/yoast-seo-wordpress\/ -->\n<title>Kontakt - W\u00e4scheservice Frankfurt<\/title>\n<meta name=\"robots\" content=\"index, follow, max-snippet:-1, max-image-preview:large, max-video-preview:-1\" \/>\n<link rel=\"canonical\" href=\"https:\/\/waescheservice-frankfurt.de\/en\/contact-2\/\" \/>\n<meta property=\"og:locale\" content=\"en_US\" \/>\n<meta property=\"og:type\" content=\"article\" \/>\n<meta property=\"og:title\" content=\"Kontakt - W\u00e4scheservice Frankfurt\" \/>\n<meta property=\"og:url\" content=\"https:\/\/waescheservice-frankfurt.de\/en\/contact-2\/\" \/>\n<meta property=\"og:site_name\" content=\"W\u00e4scheservice Frankfurt\" \/>\n<meta property=\"article:publisher\" content=\"https:\/\/www.facebook.com\/waescheservicefrankfurt\" \/>\n<meta property=\"article:modified_time\" content=\"2024-02-01T15:04:05+00:00\" \/>\n<meta property=\"og:image\" content=\"https:\/\/waescheservice-frankfurt.de\/wp-content\/uploads\/2022\/07\/Waescheservice-Fahrzeug-Seite-rechts-1064x1064-1.jpg\" \/>\n\t<meta property=\"og:image:width\" content=\"1064\" \/>\n\t<meta property=\"og:image:height\" content=\"1064\" \/>\n\t<meta property=\"og:image:type\" content=\"image\/jpeg\" \/>\n<meta name=\"twitter:card\" content=\"summary_large_image\" \/>\n<meta name=\"twitter:label1\" content=\"Est. reading time\" \/>\n\t<meta name=\"twitter:data1\" content=\"4 minutes\" \/>\n<script type=\"application\/ld+json\" class=\"yoast-schema-graph\">{\"@context\":\"https:\\\/\\\/schema.org\",\"@graph\":[{\"@type\":\"WebPage\",\"@id\":\"https:\\\/\\\/waescheservice-frankfurt.de\\\/kontakt\\\/\",\"url\":\"https:\\\/\\\/waescheservice-frankfurt.de\\\/kontakt\\\/\",\"name\":\"Kontakt - W\u00e4scheservice Frankfurt\",\"isPartOf\":{\"@id\":\"https:\\\/\\\/waescheservice-frankfurt.de\\\/#website\"},\"datePublished\":\"2021-03-14T14:06:48+00:00\",\"dateModified\":\"2024-02-01T15:04:05+00:00\",\"breadcrumb\":{\"@id\":\"https:\\\/\\\/waescheservice-frankfurt.de\\\/kontakt\\\/#breadcrumb\"},\"inLanguage\":\"en-US\",\"potentialAction\":[{\"@type\":\"ReadAction\",\"target\":[\"https:\\\/\\\/waescheservice-frankfurt.de\\\/kontakt\\\/\"]}]},{\"@type\":\"BreadcrumbList\",\"@id\":\"https:\\\/\\\/waescheservice-frankfurt.de\\\/kontakt\\\/#breadcrumb\",\"itemListElement\":[{\"@type\":\"ListItem\",\"position\":1,\"name\":\"Home\",\"item\":\"https:\\\/\\\/waescheservice-frankfurt.de\\\/\"},{\"@type\":\"ListItem\",\"position\":2,\"name\":\"Kontakt\"}]},{\"@type\":\"WebSite\",\"@id\":\"https:\\\/\\\/waescheservice-frankfurt.de\\\/#website\",\"url\":\"https:\\\/\\\/waescheservice-frankfurt.de\\\/\",\"name\":\"W\u00e4sche Reinigung mit Abhol- und Lieferservice\",\"description\":\"W\u00e4sche waschen mit Abhol- und Lieferservice\",\"publisher\":{\"@id\":\"https:\\\/\\\/waescheservice-frankfurt.de\\\/#organization\"},\"potentialAction\":[{\"@type\":\"SearchAction\",\"target\":{\"@type\":\"EntryPoint\",\"urlTemplate\":\"https:\\\/\\\/waescheservice-frankfurt.de\\\/?s={search_term_string}\"},\"query-input\":{\"@type\":\"PropertyValueSpecification\",\"valueRequired\":true,\"valueName\":\"search_term_string\"}}],\"inLanguage\":\"en-US\"},{\"@type\":\"Organization\",\"@id\":\"https:\\\/\\\/waescheservice-frankfurt.de\\\/#organization\",\"name\":\"W\u00e4scheservice Frankfurt\",\"url\":\"https:\\\/\\\/waescheservice-frankfurt.de\\\/\",\"logo\":{\"@type\":\"ImageObject\",\"inLanguage\":\"en-US\",\"@id\":\"https:\\\/\\\/waescheservice-frankfurt.de\\\/#\\\/schema\\\/logo\\\/image\\\/\",\"url\":\"https:\\\/\\\/waescheservice-frankfurt.de\\\/wp-content\\\/uploads\\\/2022\\\/07\\\/Waescheservice-Fahrzeug-Seite-rechts.png\",\"contentUrl\":\"https:\\\/\\\/waescheservice-frankfurt.de\\\/wp-content\\\/uploads\\\/2022\\\/07\\\/Waescheservice-Fahrzeug-Seite-rechts.png\",\"width\":1064,\"height\":532,\"caption\":\"W\u00e4scheservice Frankfurt\"},\"image\":{\"@id\":\"https:\\\/\\\/waescheservice-frankfurt.de\\\/#\\\/schema\\\/logo\\\/image\\\/\"},\"sameAs\":[\"https:\\\/\\\/www.facebook.com\\\/waescheservicefrankfurt\"]}]}<\/script>\n<!-- \/ Yoast SEO plugin. -->","yoast_head_json":{"title":"Contact - Laundry Service Frankfurt","robots":{"index":"index","follow":"follow","max-snippet":"max-snippet:-1","max-image-preview":"max-image-preview:large","max-video-preview":"max-video-preview:-1"},"canonical":"https:\/\/waescheservice-frankfurt.de\/en\/contact-2\/","og_locale":"en_US","og_type":"article","og_title":"Kontakt - W\u00e4scheservice Frankfurt","og_url":"https:\/\/waescheservice-frankfurt.de\/en\/contact-2\/","og_site_name":"W\u00e4scheservice Frankfurt","article_publisher":"https:\/\/www.facebook.com\/waescheservicefrankfurt","article_modified_time":"2024-02-01T15:04:05+00:00","og_image":[{"width":1064,"height":1064,"url":"https:\/\/waescheservice-frankfurt.de\/wp-content\/uploads\/2022\/07\/Waescheservice-Fahrzeug-Seite-rechts-1064x1064-1.jpg","type":"image\/jpeg"}],"twitter_card":"summary_large_image","twitter_misc":{"Est. reading time":"4 minutes"},"schema":{"@context":"https:\/\/schema.org","@graph":[{"@type":"WebPage","@id":"https:\/\/waescheservice-frankfurt.de\/kontakt\/","url":"https:\/\/waescheservice-frankfurt.de\/kontakt\/","name":"Contact - Laundry Service Frankfurt","isPartOf":{"@id":"https:\/\/waescheservice-frankfurt.de\/#website"},"datePublished":"2021-03-14T14:06:48+00:00","dateModified":"2024-02-01T15:04:05+00:00","breadcrumb":{"@id":"https:\/\/waescheservice-frankfurt.de\/kontakt\/#breadcrumb"},"inLanguage":"en-US","potentialAction":[{"@type":"ReadAction","target":["https:\/\/waescheservice-frankfurt.de\/kontakt\/"]}]},{"@type":"BreadcrumbList","@id":"https:\/\/waescheservice-frankfurt.de\/kontakt\/#breadcrumb","itemListElement":[{"@type":"ListItem","position":1,"name":"Home","item":"https:\/\/waescheservice-frankfurt.de\/"},{"@type":"ListItem","position":2,"name":"Kontakt"}]},{"@type":"WebSite","@id":"https:\/\/waescheservice-frankfurt.de\/#website","url":"https:\/\/waescheservice-frankfurt.de\/","name":"Laundry cleaning with pick-up and delivery service","description":"Laundry with pick-up and delivery service","publisher":{"@id":"https:\/\/waescheservice-frankfurt.de\/#organization"},"potentialAction":[{"@type":"SearchAction","target":{"@type":"EntryPoint","urlTemplate":"https:\/\/waescheservice-frankfurt.de\/?s={search_term_string}"},"query-input":{"@type":"PropertyValueSpecification","valueRequired":true,"valueName":"search_term_string"}}],"inLanguage":"en-US"},{"@type":"Organization","@id":"https:\/\/waescheservice-frankfurt.de\/#organization","name":"Laundry Service Frankfurt","url":"https:\/\/waescheservice-frankfurt.de\/","logo":{"@type":"ImageObject","inLanguage":"en-US","@id":"https:\/\/waescheservice-frankfurt.de\/#\/schema\/logo\/image\/","url":"https:\/\/waescheservice-frankfurt.de\/wp-content\/uploads\/2022\/07\/Waescheservice-Fahrzeug-Seite-rechts.png","contentUrl":"https:\/\/waescheservice-frankfurt.de\/wp-content\/uploads\/2022\/07\/Waescheservice-Fahrzeug-Seite-rechts.png","width":1064,"height":532,"caption":"W\u00e4scheservice Frankfurt"},"image":{"@id":"https:\/\/waescheservice-frankfurt.de\/#\/schema\/logo\/image\/"},"sameAs":["https:\/\/www.facebook.com\/waescheservicefrankfurt"]}]}},"_links":{"self":[{"href":"https:\/\/waescheservice-frankfurt.de\/en\/wp-json\/wp\/v2\/pages\/774","targetHints":{"allow":["GET"]}}],"collection":[{"href":"https:\/\/waescheservice-frankfurt.de\/en\/wp-json\/wp\/v2\/pages"}],"about":[{"href":"https:\/\/waescheservice-frankfurt.de\/en\/wp-json\/wp\/v2\/types\/page"}],"author":[{"embeddable":true,"href":"https:\/\/waescheservice-frankfurt.de\/en\/wp-json\/wp\/v2\/users\/1"}],"replies":[{"embeddable":true,"href":"https:\/\/waescheservice-frankfurt.de\/en\/wp-json\/wp\/v2\/comments?post=774"}],"version-history":[{"count":0,"href":"https:\/\/waescheservice-frankfurt.de\/en\/wp-json\/wp\/v2\/pages\/774\/revisions"}],"wp:attachment":[{"href":"https:\/\/waescheservice-frankfurt.de\/en\/wp-json\/wp\/v2\/media?parent=774"}],"curies":[{"name":"wp","href":"https:\/\/api.w.org\/{rel}","templated":true}]}}