{"id":1996,"date":"2023-11-01T13:56:22","date_gmt":"2023-11-01T12:56:22","guid":{"rendered":"https:\/\/waescheservice-frankfurt.de\/?post_type=product&#038;p=1996"},"modified":"2023-11-01T14:00:03","modified_gmt":"2023-11-01T13:00:03","slug":"shorten-or-lengthen-jacket-coat-sleeves","status":"publish","type":"product","link":"https:\/\/waescheservice-frankfurt.de\/en\/product\/shorten-or-lengthen-jacket-coat-sleeves\/","title":{"rendered":"Shorten or lengthen jacket\/coat sleeves"},"content":{"rendered":"<p>Shorten or lengthen jacket\/coat sleeves<\/p>","protected":false},"excerpt":{"rendered":"<p>Shorten or lengthen jacket\/coat sleeves<\/p>","protected":false},"featured_media":63,"template":"","meta":[],"product_brand":[],"product_cat":[62],"product_tag":[],"giftcard-category":[],"class_list":{"0":"post-1996","1":"product","2":"type-product","3":"status-publish","4":"has-post-thumbnail","6":"product_cat-aenderungsschneiderei","8":"first","9":"instock","10":"taxable","11":"shipping-taxable","12":"purchasable","13":"product-type-simple"},"yoast_head":"<!-- This site is optimized with the Yoast SEO plugin v27.3 - https:\/\/yoast.com\/product\/yoast-seo-wordpress\/ -->\n<title>Sakko\/Mantel \u00c4rmel k\u00fcrzen oder verl\u00e4ngern - W\u00e4scheservice Frankfurt<\/title>\n<meta name=\"robots\" content=\"index, follow, max-snippet:-1, max-image-preview:large, max-video-preview:-1\" \/>\n<link rel=\"canonical\" href=\"https:\/\/waescheservice-frankfurt.de\/en\/product\/shorten-or-lengthen-jacket-coat-sleeves\/\" \/>\n<meta property=\"og:locale\" content=\"en_US\" \/>\n<meta property=\"og:type\" content=\"article\" \/>\n<meta property=\"og:title\" content=\"Sakko\/Mantel \u00c4rmel k\u00fcrzen oder verl\u00e4ngern - W\u00e4scheservice Frankfurt\" \/>\n<meta property=\"og:description\" content=\"Sakko\/Mantel \u00c4rmel k\u00fcrzen oder verl\u00e4ngern\" \/>\n<meta property=\"og:url\" content=\"https:\/\/waescheservice-frankfurt.de\/en\/product\/shorten-or-lengthen-jacket-coat-sleeves\/\" \/>\n<meta property=\"og:site_name\" content=\"W\u00e4scheservice Frankfurt\" \/>\n<meta property=\"article:publisher\" content=\"https:\/\/www.facebook.com\/waescheservicefrankfurt\" \/>\n<meta property=\"article:modified_time\" content=\"2023-11-01T13:00:03+00:00\" \/>\n<meta property=\"og:image\" content=\"https:\/\/waescheservice-frankfurt.de\/wp-content\/uploads\/2020\/12\/Smoking.png\" \/>\n\t<meta property=\"og:image:width\" content=\"450\" \/>\n\t<meta property=\"og:image:height\" content=\"450\" \/>\n\t<meta property=\"og:image:type\" content=\"image\/png\" \/>\n<meta name=\"twitter:card\" content=\"summary_large_image\" \/>\n<meta name=\"twitter:label1\" content=\"Est. reading time\" \/>\n\t<meta name=\"twitter:data1\" content=\"1 minute\" \/>\n<script type=\"application\/ld+json\" class=\"yoast-schema-graph\">{\"@context\":\"https:\\\/\\\/schema.org\",\"@graph\":[{\"@type\":\"WebPage\",\"@id\":\"https:\\\/\\\/waescheservice-frankfurt.de\\\/product\\\/sakko-mantel-aermel-kuerzen-oder-verlaengern\\\/\",\"url\":\"https:\\\/\\\/waescheservice-frankfurt.de\\\/product\\\/sakko-mantel-aermel-kuerzen-oder-verlaengern\\\/\",\"name\":\"Sakko\\\/Mantel \u00c4rmel k\u00fcrzen oder verl\u00e4ngern - W\u00e4scheservice Frankfurt\",\"isPartOf\":{\"@id\":\"https:\\\/\\\/waescheservice-frankfurt.de\\\/#website\"},\"primaryImageOfPage\":{\"@id\":\"https:\\\/\\\/waescheservice-frankfurt.de\\\/product\\\/sakko-mantel-aermel-kuerzen-oder-verlaengern\\\/#primaryimage\"},\"image\":{\"@id\":\"https:\\\/\\\/waescheservice-frankfurt.de\\\/product\\\/sakko-mantel-aermel-kuerzen-oder-verlaengern\\\/#primaryimage\"},\"thumbnailUrl\":\"https:\\\/\\\/waescheservice-frankfurt.de\\\/wp-content\\\/uploads\\\/2020\\\/12\\\/Smoking.png\",\"datePublished\":\"2023-11-01T12:56:22+00:00\",\"dateModified\":\"2023-11-01T13:00:03+00:00\",\"breadcrumb\":{\"@id\":\"https:\\\/\\\/waescheservice-frankfurt.de\\\/product\\\/sakko-mantel-aermel-kuerzen-oder-verlaengern\\\/#breadcrumb\"},\"inLanguage\":\"en-US\",\"potentialAction\":[{\"@type\":\"ReadAction\",\"target\":[\"https:\\\/\\\/waescheservice-frankfurt.de\\\/product\\\/sakko-mantel-aermel-kuerzen-oder-verlaengern\\\/\"]}]},{\"@type\":\"ImageObject\",\"inLanguage\":\"en-US\",\"@id\":\"https:\\\/\\\/waescheservice-frankfurt.de\\\/product\\\/sakko-mantel-aermel-kuerzen-oder-verlaengern\\\/#primaryimage\",\"url\":\"https:\\\/\\\/waescheservice-frankfurt.de\\\/wp-content\\\/uploads\\\/2020\\\/12\\\/Smoking.png\",\"contentUrl\":\"https:\\\/\\\/waescheservice-frankfurt.de\\\/wp-content\\\/uploads\\\/2020\\\/12\\\/Smoking.png\",\"width\":450,\"height\":450},{\"@type\":\"BreadcrumbList\",\"@id\":\"https:\\\/\\\/waescheservice-frankfurt.de\\\/product\\\/sakko-mantel-aermel-kuerzen-oder-verlaengern\\\/#breadcrumb\",\"itemListElement\":[{\"@type\":\"ListItem\",\"position\":1,\"name\":\"Home\",\"item\":\"https:\\\/\\\/waescheservice-frankfurt.de\\\/\"},{\"@type\":\"ListItem\",\"position\":2,\"name\":\"W\u00e4scheservice Shop\",\"item\":\"https:\\\/\\\/waescheservice-frankfurt.de\\\/en\\\/waescheservice-shop\\\/\"},{\"@type\":\"ListItem\",\"position\":3,\"name\":\"Sakko\\\/Mantel \u00c4rmel k\u00fcrzen oder verl\u00e4ngern\"}]},{\"@type\":\"WebSite\",\"@id\":\"https:\\\/\\\/waescheservice-frankfurt.de\\\/#website\",\"url\":\"https:\\\/\\\/waescheservice-frankfurt.de\\\/\",\"name\":\"W\u00e4sche Reinigung mit Abhol- und Lieferservice\",\"description\":\"W\u00e4sche waschen mit Abhol- und Lieferservice\",\"publisher\":{\"@id\":\"https:\\\/\\\/waescheservice-frankfurt.de\\\/#organization\"},\"potentialAction\":[{\"@type\":\"SearchAction\",\"target\":{\"@type\":\"EntryPoint\",\"urlTemplate\":\"https:\\\/\\\/waescheservice-frankfurt.de\\\/?s={search_term_string}\"},\"query-input\":{\"@type\":\"PropertyValueSpecification\",\"valueRequired\":true,\"valueName\":\"search_term_string\"}}],\"inLanguage\":\"en-US\"},{\"@type\":\"Organization\",\"@id\":\"https:\\\/\\\/waescheservice-frankfurt.de\\\/#organization\",\"name\":\"W\u00e4scheservice Frankfurt\",\"url\":\"https:\\\/\\\/waescheservice-frankfurt.de\\\/\",\"logo\":{\"@type\":\"ImageObject\",\"inLanguage\":\"en-US\",\"@id\":\"https:\\\/\\\/waescheservice-frankfurt.de\\\/#\\\/schema\\\/logo\\\/image\\\/\",\"url\":\"https:\\\/\\\/waescheservice-frankfurt.de\\\/wp-content\\\/uploads\\\/2022\\\/07\\\/Waescheservice-Fahrzeug-Seite-rechts.png\",\"contentUrl\":\"https:\\\/\\\/waescheservice-frankfurt.de\\\/wp-content\\\/uploads\\\/2022\\\/07\\\/Waescheservice-Fahrzeug-Seite-rechts.png\",\"width\":1064,\"height\":532,\"caption\":\"W\u00e4scheservice Frankfurt\"},\"image\":{\"@id\":\"https:\\\/\\\/waescheservice-frankfurt.de\\\/#\\\/schema\\\/logo\\\/image\\\/\"},\"sameAs\":[\"https:\\\/\\\/www.facebook.com\\\/waescheservicefrankfurt\"]}]}<\/script>\n<!-- \/ Yoast SEO plugin. -->","yoast_head_json":{"title":"Shorten or lengthen jacket\/coat sleeves - Laundry service Frankfurt","robots":{"index":"index","follow":"follow","max-snippet":"max-snippet:-1","max-image-preview":"max-image-preview:large","max-video-preview":"max-video-preview:-1"},"canonical":"https:\/\/waescheservice-frankfurt.de\/en\/product\/shorten-or-lengthen-jacket-coat-sleeves\/","og_locale":"en_US","og_type":"article","og_title":"Sakko\/Mantel \u00c4rmel k\u00fcrzen oder verl\u00e4ngern - W\u00e4scheservice Frankfurt","og_description":"Sakko\/Mantel \u00c4rmel k\u00fcrzen oder verl\u00e4ngern","og_url":"https:\/\/waescheservice-frankfurt.de\/en\/product\/shorten-or-lengthen-jacket-coat-sleeves\/","og_site_name":"W\u00e4scheservice Frankfurt","article_publisher":"https:\/\/www.facebook.com\/waescheservicefrankfurt","article_modified_time":"2023-11-01T13:00:03+00:00","og_image":[{"width":450,"height":450,"url":"https:\/\/waescheservice-frankfurt.de\/wp-content\/uploads\/2020\/12\/Smoking.png","type":"image\/png"}],"twitter_card":"summary_large_image","twitter_misc":{"Est. reading time":"1 minute"},"schema":{"@context":"https:\/\/schema.org","@graph":[{"@type":"WebPage","@id":"https:\/\/waescheservice-frankfurt.de\/product\/sakko-mantel-aermel-kuerzen-oder-verlaengern\/","url":"https:\/\/waescheservice-frankfurt.de\/product\/sakko-mantel-aermel-kuerzen-oder-verlaengern\/","name":"Shorten or lengthen jacket\/coat sleeves - Laundry service Frankfurt","isPartOf":{"@id":"https:\/\/waescheservice-frankfurt.de\/#website"},"primaryImageOfPage":{"@id":"https:\/\/waescheservice-frankfurt.de\/product\/sakko-mantel-aermel-kuerzen-oder-verlaengern\/#primaryimage"},"image":{"@id":"https:\/\/waescheservice-frankfurt.de\/product\/sakko-mantel-aermel-kuerzen-oder-verlaengern\/#primaryimage"},"thumbnailUrl":"https:\/\/waescheservice-frankfurt.de\/wp-content\/uploads\/2020\/12\/Smoking.png","datePublished":"2023-11-01T12:56:22+00:00","dateModified":"2023-11-01T13:00:03+00:00","breadcrumb":{"@id":"https:\/\/waescheservice-frankfurt.de\/product\/sakko-mantel-aermel-kuerzen-oder-verlaengern\/#breadcrumb"},"inLanguage":"en-US","potentialAction":[{"@type":"ReadAction","target":["https:\/\/waescheservice-frankfurt.de\/product\/sakko-mantel-aermel-kuerzen-oder-verlaengern\/"]}]},{"@type":"ImageObject","inLanguage":"en-US","@id":"https:\/\/waescheservice-frankfurt.de\/product\/sakko-mantel-aermel-kuerzen-oder-verlaengern\/#primaryimage","url":"https:\/\/waescheservice-frankfurt.de\/wp-content\/uploads\/2020\/12\/Smoking.png","contentUrl":"https:\/\/waescheservice-frankfurt.de\/wp-content\/uploads\/2020\/12\/Smoking.png","width":450,"height":450},{"@type":"BreadcrumbList","@id":"https:\/\/waescheservice-frankfurt.de\/product\/sakko-mantel-aermel-kuerzen-oder-verlaengern\/#breadcrumb","itemListElement":[{"@type":"ListItem","position":1,"name":"Home","item":"https:\/\/waescheservice-frankfurt.de\/"},{"@type":"ListItem","position":2,"name":"W\u00e4scheservice Shop","item":"https:\/\/waescheservice-frankfurt.de\/en\/waescheservice-shop\/"},{"@type":"ListItem","position":3,"name":"Sakko\/Mantel \u00c4rmel k\u00fcrzen oder verl\u00e4ngern"}]},{"@type":"WebSite","@id":"https:\/\/waescheservice-frankfurt.de\/#website","url":"https:\/\/waescheservice-frankfurt.de\/","name":"Laundry cleaning with pick-up and delivery service","description":"Laundry with pick-up and delivery service","publisher":{"@id":"https:\/\/waescheservice-frankfurt.de\/#organization"},"potentialAction":[{"@type":"SearchAction","target":{"@type":"EntryPoint","urlTemplate":"https:\/\/waescheservice-frankfurt.de\/?s={search_term_string}"},"query-input":{"@type":"PropertyValueSpecification","valueRequired":true,"valueName":"search_term_string"}}],"inLanguage":"en-US"},{"@type":"Organization","@id":"https:\/\/waescheservice-frankfurt.de\/#organization","name":"Laundry Service Frankfurt","url":"https:\/\/waescheservice-frankfurt.de\/","logo":{"@type":"ImageObject","inLanguage":"en-US","@id":"https:\/\/waescheservice-frankfurt.de\/#\/schema\/logo\/image\/","url":"https:\/\/waescheservice-frankfurt.de\/wp-content\/uploads\/2022\/07\/Waescheservice-Fahrzeug-Seite-rechts.png","contentUrl":"https:\/\/waescheservice-frankfurt.de\/wp-content\/uploads\/2022\/07\/Waescheservice-Fahrzeug-Seite-rechts.png","width":1064,"height":532,"caption":"W\u00e4scheservice Frankfurt"},"image":{"@id":"https:\/\/waescheservice-frankfurt.de\/#\/schema\/logo\/image\/"},"sameAs":["https:\/\/www.facebook.com\/waescheservicefrankfurt"]}]}},"tiered_pricing_type":"fixed","tiered_pricing_fixed_rules":[],"tiered_pricing_product_settings":{"layout":"default","base_unit_name":{"singular":null,"plural":null},"default_variation":null},"tiered_pricing_minimum_quantity":1,"tiered_pricing_roles_data":[],"tiered_pricing_percentage_rules":[],"tiered_pricing_maximum_quantity":null,"tiered_pricing_quantity_step":null,"_links":{"self":[{"href":"https:\/\/waescheservice-frankfurt.de\/en\/wp-json\/wp\/v2\/product\/1996","targetHints":{"allow":["GET"]}}],"collection":[{"href":"https:\/\/waescheservice-frankfurt.de\/en\/wp-json\/wp\/v2\/product"}],"about":[{"href":"https:\/\/waescheservice-frankfurt.de\/en\/wp-json\/wp\/v2\/types\/product"}],"wp:featuredmedia":[{"embeddable":true,"href":"https:\/\/waescheservice-frankfurt.de\/en\/wp-json\/wp\/v2\/media\/63"}],"wp:attachment":[{"href":"https:\/\/waescheservice-frankfurt.de\/en\/wp-json\/wp\/v2\/media?parent=1996"}],"wp:term":[{"taxonomy":"product_brand","embeddable":true,"href":"https:\/\/waescheservice-frankfurt.de\/en\/wp-json\/wp\/v2\/product_brand?post=1996"},{"taxonomy":"product_cat","embeddable":true,"href":"https:\/\/waescheservice-frankfurt.de\/en\/wp-json\/wp\/v2\/product_cat?post=1996"},{"taxonomy":"product_tag","embeddable":true,"href":"https:\/\/waescheservice-frankfurt.de\/en\/wp-json\/wp\/v2\/product_tag?post=1996"},{"taxonomy":"giftcard-category","embeddable":true,"href":"https:\/\/waescheservice-frankfurt.de\/en\/wp-json\/wp\/v2\/giftcard-category?post=1996"}],"curies":[{"name":"wp","href":"https:\/\/api.w.org\/{rel}","templated":true}]}}